{"id":2228,"date":"2018-08-17T15:37:59","date_gmt":"2018-08-17T15:37:59","guid":{"rendered":"http:\/\/cosmedik.ca\/cosmedik-interieur\/"},"modified":"2022-11-18T19:37:00","modified_gmt":"2022-11-18T19:37:00","slug":"cosmedik-interieur","status":"publish","type":"page","link":"https:\/\/cosmedik.ca\/fr\/cosmedik-interieur\/","title":{"rendered":"CosMedik Int\u00e9rieur"},"content":{"rendered":"\t\t<div data-elementor-type=\"wp-post\" data-elementor-id=\"2228\" class=\"elementor elementor-2228 elementor-276 elementor-bc-flex-widget\" data-elementor-post-type=\"page\">\n\t\t\t\t\t\t<section class=\"elementor-section elementor-top-section elementor-element elementor-element-120312e elementor-section-stretched elementor-section-full_width elementor-section-height-default elementor-section-height-default\" data-id=\"120312e\" data-element_type=\"section\" data-settings=\"{&quot;stretch_section&quot;:&quot;section-stretched&quot;,&quot;background_background&quot;:&quot;classic&quot;}\">\n\t\t\t\t\t\t\t<div class=\"elementor-background-overlay\"><\/div>\n\t\t\t\t\t\t\t<div class=\"elementor-container elementor-column-gap-default\">\n\t\t\t\t\t<div class=\"elementor-column elementor-col-100 elementor-top-column elementor-element elementor-element-90f1dcf\" data-id=\"90f1dcf\" data-element_type=\"column\">\n\t\t\t<div class=\"elementor-widget-wrap elementor-element-populated\">\n\t\t\t\t\t\t<div class=\"elementor-element elementor-element-daa39f4 elementor-widget elementor-widget-spacer\" data-id=\"daa39f4\" data-element_type=\"widget\" data-widget_type=\"spacer.default\">\n\t\t\t\t<div class=\"elementor-widget-container\">\n\t\t\t\t\t\t\t<div class=\"elementor-spacer\">\n\t\t\t<div class=\"elementor-spacer-inner\"><\/div>\n\t\t<\/div>\n\t\t\t\t\t\t<\/div>\n\t\t\t\t<\/div>\n\t\t\t\t<section class=\"elementor-section elementor-inner-section elementor-element elementor-element-d81e15e elementor-section-boxed elementor-section-height-default elementor-section-height-default\" data-id=\"d81e15e\" data-element_type=\"section\">\n\t\t\t\t\t\t<div class=\"elementor-container elementor-column-gap-default\">\n\t\t\t\t\t<div class=\"elementor-column elementor-col-50 elementor-inner-column elementor-element elementor-element-e59bff1\" data-id=\"e59bff1\" data-element_type=\"column\">\n\t\t\t<div class=\"elementor-widget-wrap\">\n\t\t\t\t\t\t\t<\/div>\n\t\t<\/div>\n\t\t\t\t<div class=\"elementor-column elementor-col-50 elementor-inner-column elementor-element elementor-element-55c0598\" data-id=\"55c0598\" data-element_type=\"column\">\n\t\t\t<div class=\"elementor-widget-wrap elementor-element-populated\">\n\t\t\t\t\t\t<div class=\"elementor-element elementor-element-bd1c933 elementor-widget elementor-widget-heading\" data-id=\"bd1c933\" data-element_type=\"widget\" data-widget_type=\"heading.default\">\n\t\t\t\t<div class=\"elementor-widget-container\">\n\t\t\t\t\t<h2 class=\"elementor-heading-title elementor-size-default\">CosMedik Int\u00e9rieur <\/h2>\t\t\t\t<\/div>\n\t\t\t\t<\/div>\n\t\t\t\t\t<\/div>\n\t\t<\/div>\n\t\t\t\t\t<\/div>\n\t\t<\/section>\n\t\t\t\t<section class=\"elementor-section elementor-inner-section elementor-element elementor-element-d6cfd2e elementor-section-boxed elementor-section-height-default elementor-section-height-default\" data-id=\"d6cfd2e\" data-element_type=\"section\">\n\t\t\t\t\t\t<div class=\"elementor-container elementor-column-gap-default\">\n\t\t\t\t\t<div class=\"elementor-column elementor-col-50 elementor-inner-column elementor-element elementor-element-8e94217\" data-id=\"8e94217\" data-element_type=\"column\">\n\t\t\t<div class=\"elementor-widget-wrap\">\n\t\t\t\t\t\t\t<\/div>\n\t\t<\/div>\n\t\t\t\t<div class=\"elementor-column elementor-col-50 elementor-inner-column elementor-element elementor-element-a0be33a\" data-id=\"a0be33a\" data-element_type=\"column\">\n\t\t\t<div class=\"elementor-widget-wrap elementor-element-populated\">\n\t\t\t\t\t\t<div class=\"elementor-element elementor-element-798fad1 elementor-widget elementor-widget-text-editor\" data-id=\"798fad1\" data-element_type=\"widget\" data-widget_type=\"text-editor.default\">\n\t\t\t\t<div class=\"elementor-widget-container\">\n\t\t\t\t\t\t\t\t\t<p class=\"p1\"><span class=\"s1\">Un int\u00e9rieur confortable qui refl\u00e8te notre souci du d\u00e9tail et notre engagement \u00e0 fournir le service \u00e0 la client\u00e8le exceptionnel sign\u00e9 CosMedik. <\/span><\/p>\n\t\t\t\t\t\t\t\t<\/div>\n\t\t\t\t<\/div>\n\t\t\t\t\t<\/div>\n\t\t<\/div>\n\t\t\t\t\t<\/div>\n\t\t<\/section>\n\t\t\t\t<div class=\"elementor-element elementor-element-9e3c323 elementor-widget elementor-widget-spacer\" data-id=\"9e3c323\" data-element_type=\"widget\" data-widget_type=\"spacer.default\">\n\t\t\t\t<div class=\"elementor-widget-container\">\n\t\t\t\t\t\t\t<div class=\"elementor-spacer\">\n\t\t\t<div class=\"elementor-spacer-inner\"><\/div>\n\t\t<\/div>\n\t\t\t\t\t\t<\/div>\n\t\t\t\t<\/div>\n\t\t\t\t\t<\/div>\n\t\t<\/div>\n\t\t\t\t\t<\/div>\n\t\t<\/section>\n\t\t\t\t<section class=\"elementor-section elementor-top-section elementor-element elementor-element-36a0a61 elementor-section-stretched elementor-section-full_width elementor-section-height-default elementor-section-height-default\" data-id=\"36a0a61\" data-element_type=\"section\" data-settings=\"{&quot;stretch_section&quot;:&quot;section-stretched&quot;,&quot;background_background&quot;:&quot;classic&quot;}\">\n\t\t\t\t\t\t\t<div class=\"elementor-background-overlay\"><\/div>\n\t\t\t\t\t\t\t<div class=\"elementor-container elementor-column-gap-default\">\n\t\t\t\t\t<div class=\"elementor-column elementor-col-50 elementor-top-column elementor-element elementor-element-03a21b6\" data-id=\"03a21b6\" data-element_type=\"column\" data-settings=\"{&quot;background_background&quot;:&quot;classic&quot;}\">\n\t\t\t<div class=\"elementor-widget-wrap elementor-element-populated\">\n\t\t\t\t\t\t<div class=\"elementor-element elementor-element-52314a5 elementor-widget elementor-widget-spacer\" data-id=\"52314a5\" data-element_type=\"widget\" data-widget_type=\"spacer.default\">\n\t\t\t\t<div class=\"elementor-widget-container\">\n\t\t\t\t\t\t\t<div class=\"elementor-spacer\">\n\t\t\t<div class=\"elementor-spacer-inner\"><\/div>\n\t\t<\/div>\n\t\t\t\t\t\t<\/div>\n\t\t\t\t<\/div>\n\t\t\t\t<div class=\"elementor-element elementor-element-668bb2f elementor-widget elementor-widget-heading\" data-id=\"668bb2f\" data-element_type=\"widget\" data-widget_type=\"heading.default\">\n\t\t\t\t<div class=\"elementor-widget-container\">\n\t\t\t\t\t<h2 class=\"elementor-heading-title elementor-size-default\">CHAMBRES CONFORTABLES <\/h2>\t\t\t\t<\/div>\n\t\t\t\t<\/div>\n\t\t\t\t<div class=\"elementor-element elementor-element-64cfdf6 elementor-widget elementor-widget-spacer\" data-id=\"64cfdf6\" data-element_type=\"widget\" data-widget_type=\"spacer.default\">\n\t\t\t\t<div class=\"elementor-widget-container\">\n\t\t\t\t\t\t\t<div class=\"elementor-spacer\">\n\t\t\t<div class=\"elementor-spacer-inner\"><\/div>\n\t\t<\/div>\n\t\t\t\t\t\t<\/div>\n\t\t\t\t<\/div>\n\t\t\t\t\t<\/div>\n\t\t<\/div>\n\t\t\t\t<div class=\"elementor-column elementor-col-50 elementor-top-column elementor-element elementor-element-c43585f\" data-id=\"c43585f\" data-element_type=\"column\" data-settings=\"{&quot;background_background&quot;:&quot;classic&quot;}\">\n\t\t\t<div class=\"elementor-widget-wrap elementor-element-populated\">\n\t\t\t\t\t\t<div class=\"elementor-element elementor-element-9bd757c elementor--h-position-center elementor--v-position-middle elementor-arrows-position-inside elementor-pagination-position-inside elementor-widget elementor-widget-slides\" data-id=\"9bd757c\" data-element_type=\"widget\" data-settings=\"{&quot;navigation&quot;:&quot;both&quot;,&quot;autoplay&quot;:&quot;yes&quot;,&quot;pause_on_hover&quot;:&quot;yes&quot;,&quot;pause_on_interaction&quot;:&quot;yes&quot;,&quot;autoplay_speed&quot;:5000,&quot;infinite&quot;:&quot;yes&quot;,&quot;transition&quot;:&quot;slide&quot;,&quot;transition_speed&quot;:500}\" data-widget_type=\"slides.default\">\n\t\t\t\t<div class=\"elementor-widget-container\">\n\t\t\t\t\t\t\t\t\t<div class=\"elementor-swiper\">\n\t\t\t\t\t<div class=\"elementor-slides-wrapper elementor-main-swiper swiper\" role=\"region\" aria-roledescription=\"carousel\" aria-label=\"Diapositives\" dir=\"ltr\" data-animation=\"fadeInUp\">\n\t\t\t\t<div class=\"swiper-wrapper elementor-slides\">\n\t\t\t\t\t\t\t\t\t\t<div class=\"elementor-repeater-item-3a41f70 swiper-slide\" role=\"group\" aria-roledescription=\"slide\"><div class=\"swiper-slide-bg elementor-ken-burns elementor-ken-burns--out\" role=\"img\" aria-label=\"DSC_1003\"><\/div><div class=\"elementor-background-overlay\"><\/div><div class=\"swiper-slide-inner\" ><div class=\"swiper-slide-contents\"><\/div><\/div><\/div><div class=\"elementor-repeater-item-b741a71 swiper-slide\" role=\"group\" aria-roledescription=\"slide\"><div class=\"swiper-slide-bg elementor-ken-burns elementor-ken-burns--in\" role=\"img\" aria-label=\"DSC_1027\"><\/div><div class=\"elementor-background-overlay\"><\/div><div class=\"swiper-slide-inner\" ><div class=\"swiper-slide-contents\"><\/div><\/div><\/div><div class=\"elementor-repeater-item-ecf0a96 swiper-slide\" role=\"group\" aria-roledescription=\"slide\"><div class=\"swiper-slide-bg elementor-ken-burns elementor-ken-burns--out\" role=\"img\" aria-label=\"DSC_1009\"><\/div><div class=\"elementor-background-overlay\"><\/div><div class=\"swiper-slide-inner\" ><div class=\"swiper-slide-contents\"><\/div><\/div><\/div>\t\t\t\t<\/div>\n\t\t\t\t\t\t\t\t\t\t\t\t\t\t\t<div class=\"elementor-swiper-button elementor-swiper-button-prev\" role=\"button\" tabindex=\"0\" aria-label=\"Diapositive pr\u00e9c\u00e9dente\">\n\t\t\t\t\t\t\t<i aria-hidden=\"true\" class=\"eicon-chevron-left\"><\/i>\t\t\t\t\t\t<\/div>\n\t\t\t\t\t\t<div class=\"elementor-swiper-button elementor-swiper-button-next\" role=\"button\" tabindex=\"0\" aria-label=\"Diapositive suivante\">\n\t\t\t\t\t\t\t<i aria-hidden=\"true\" class=\"eicon-chevron-right\"><\/i>\t\t\t\t\t\t<\/div>\n\t\t\t\t\t\t\t\t\t\t\t\t\t\t\t\t<div class=\"swiper-pagination\"><\/div>\n\t\t\t\t\t\t\t\t\t\t\t\t<\/div>\n\t\t\t\t<\/div>\n\t\t\t\t\t\t\t\t<\/div>\n\t\t\t\t<\/div>\n\t\t\t\t\t<\/div>\n\t\t<\/div>\n\t\t\t\t\t<\/div>\n\t\t<\/section>\n\t\t\t\t<section class=\"elementor-section elementor-top-section elementor-element elementor-element-40edf7d elementor-section-stretched elementor-section-full_width elementor-section-height-default elementor-section-height-default\" data-id=\"40edf7d\" data-element_type=\"section\" data-settings=\"{&quot;stretch_section&quot;:&quot;section-stretched&quot;,&quot;background_background&quot;:&quot;classic&quot;}\">\n\t\t\t\t\t\t<div class=\"elementor-container elementor-column-gap-default\">\n\t\t\t\t\t<div class=\"elementor-column elementor-col-100 elementor-top-column elementor-element elementor-element-a67c383\" data-id=\"a67c383\" data-element_type=\"column\" data-settings=\"{&quot;background_background&quot;:&quot;classic&quot;}\">\n\t\t\t<div class=\"elementor-widget-wrap elementor-element-populated\">\n\t\t\t\t\t\t<div class=\"elementor-element elementor-element-cc1e2ba elementor-widget elementor-widget-image-gallery\" data-id=\"cc1e2ba\" data-element_type=\"widget\" data-widget_type=\"image-gallery.default\">\n\t\t\t\t<div class=\"elementor-widget-container\">\n\t\t\t\t\t\t\t<div class=\"elementor-image-gallery\">\n\t\t\t\t\t<\/div>\n\t\t\t\t\t\t<\/div>\n\t\t\t\t<\/div>\n\t\t\t\t\t<\/div>\n\t\t<\/div>\n\t\t\t\t\t<\/div>\n\t\t<\/section>\n\t\t\t\t<section class=\"elementor-section elementor-top-section elementor-element elementor-element-1f38e6f elementor-section-stretched elementor-section-full_width elementor-section-height-default elementor-section-height-default\" data-id=\"1f38e6f\" data-element_type=\"section\" data-settings=\"{&quot;stretch_section&quot;:&quot;section-stretched&quot;,&quot;background_background&quot;:&quot;classic&quot;}\">\n\t\t\t\t\t\t<div class=\"elementor-container elementor-column-gap-default\">\n\t\t\t\t\t<div class=\"elementor-column elementor-col-100 elementor-top-column elementor-element elementor-element-915fc30\" data-id=\"915fc30\" data-element_type=\"column\" data-settings=\"{&quot;background_background&quot;:&quot;classic&quot;}\">\n\t\t\t<div class=\"elementor-widget-wrap elementor-element-populated\">\n\t\t\t\t\t\t<div class=\"elementor-element elementor-element-3451008 elementor-widget elementor-widget-image-gallery\" data-id=\"3451008\" data-element_type=\"widget\" data-widget_type=\"image-gallery.default\">\n\t\t\t\t<div class=\"elementor-widget-container\">\n\t\t\t\t\t\t\t<div class=\"elementor-image-gallery\">\n\t\t\t\t\t<\/div>\n\t\t\t\t\t\t<\/div>\n\t\t\t\t<\/div>\n\t\t\t\t\t<\/div>\n\t\t<\/div>\n\t\t\t\t\t<\/div>\n\t\t<\/section>\n\t\t\t\t<section class=\"elementor-section elementor-top-section elementor-element elementor-element-93bb721 elementor-section-stretched elementor-section-full_width elementor-section-height-default elementor-section-height-default\" data-id=\"93bb721\" data-element_type=\"section\" data-settings=\"{&quot;stretch_section&quot;:&quot;section-stretched&quot;,&quot;background_background&quot;:&quot;classic&quot;}\">\n\t\t\t\t\t\t<div class=\"elementor-container elementor-column-gap-default\">\n\t\t\t\t\t<div class=\"elementor-column elementor-col-100 elementor-top-column elementor-element elementor-element-e8482bc\" data-id=\"e8482bc\" data-element_type=\"column\" data-settings=\"{&quot;background_background&quot;:&quot;classic&quot;}\">\n\t\t\t<div class=\"elementor-widget-wrap elementor-element-populated\">\n\t\t\t\t\t\t<div class=\"elementor-element elementor-element-bd5a0e5 elementor-widget elementor-widget-spacer\" data-id=\"bd5a0e5\" data-element_type=\"widget\" data-widget_type=\"spacer.default\">\n\t\t\t\t<div class=\"elementor-widget-container\">\n\t\t\t\t\t\t\t<div class=\"elementor-spacer\">\n\t\t\t<div class=\"elementor-spacer-inner\"><\/div>\n\t\t<\/div>\n\t\t\t\t\t\t<\/div>\n\t\t\t\t<\/div>\n\t\t\t\t\t<\/div>\n\t\t<\/div>\n\t\t\t\t\t<\/div>\n\t\t<\/section>\n\t\t\t\t<\/div>\n\t\t","protected":false},"excerpt":{"rendered":"<p>CosMedik Int\u00e9rieur Un int\u00e9rieur confortable qui refl\u00e8te notre souci du d\u00e9tail et notre engagement \u00e0 fournir le service \u00e0 la client\u00e8le exceptionnel sign\u00e9 CosMedik. CHAMBRES CONFORTABLES Previous Next<\/p>\n","protected":false},"author":1,"featured_media":0,"parent":0,"menu_order":0,"comment_status":"closed","ping_status":"closed","template":"","meta":{"ocean_post_layout":"full-screen","ocean_both_sidebars_style":"","ocean_both_sidebars_content_width":0,"ocean_both_sidebars_sidebars_width":0,"ocean_sidebar":"0","ocean_second_sidebar":"0","ocean_disable_margins":"on","ocean_add_body_class":"","ocean_shortcode_before_top_bar":"","ocean_shortcode_after_top_bar":"","ocean_shortcode_before_header":"","ocean_shortcode_after_header":"","ocean_has_shortcode":"","ocean_shortcode_after_title":"","ocean_shortcode_before_footer_widgets":"","ocean_shortcode_after_footer_widgets":"","ocean_shortcode_before_footer_bottom":"","ocean_shortcode_after_footer_bottom":"","ocean_display_top_bar":"off","ocean_display_header":"default","ocean_header_style":"","ocean_center_header_left_menu":"0","ocean_custom_header_template":"0","ocean_custom_logo":0,"ocean_custom_retina_logo":0,"ocean_custom_logo_max_width":0,"ocean_custom_logo_tablet_max_width":0,"ocean_custom_logo_mobile_max_width":0,"ocean_custom_logo_max_height":0,"ocean_custom_logo_tablet_max_height":0,"ocean_custom_logo_mobile_max_height":0,"ocean_header_custom_menu":"0","ocean_menu_typo_font_family":"","ocean_menu_typo_font_subset":"","ocean_menu_typo_font_size":0,"ocean_menu_typo_font_size_tablet":0,"ocean_menu_typo_font_size_mobile":0,"ocean_menu_typo_font_size_unit":"px","ocean_menu_typo_font_weight":"","ocean_menu_typo_font_weight_tablet":"","ocean_menu_typo_font_weight_mobile":"","ocean_menu_typo_transform":"","ocean_menu_typo_transform_tablet":"","ocean_menu_typo_transform_mobile":"","ocean_menu_typo_line_height":0,"ocean_menu_typo_line_height_tablet":0,"ocean_menu_typo_line_height_mobile":0,"ocean_menu_typo_line_height_unit":"","ocean_menu_typo_spacing":0,"ocean_menu_typo_spacing_tablet":0,"ocean_menu_typo_spacing_mobile":0,"ocean_menu_typo_spacing_unit":"","ocean_menu_link_color":"","ocean_menu_link_color_hover":"","ocean_menu_link_color_active":"","ocean_menu_link_background":"","ocean_menu_link_hover_background":"","ocean_menu_link_active_background":"","ocean_menu_social_links_bg":"","ocean_menu_social_hover_links_bg":"","ocean_menu_social_links_color":"","ocean_menu_social_hover_links_color":"","ocean_disable_title":"on","ocean_disable_heading":"default","ocean_post_title":"","ocean_post_subheading":"","ocean_post_title_style":"","ocean_post_title_background_color":"","ocean_post_title_background":0,"ocean_post_title_bg_image_position":"","ocean_post_title_bg_image_attachment":"","ocean_post_title_bg_image_repeat":"","ocean_post_title_bg_image_size":"","ocean_post_title_height":0,"ocean_post_title_bg_overlay":0.5,"ocean_post_title_bg_overlay_color":"","ocean_disable_breadcrumbs":"default","ocean_breadcrumbs_color":"","ocean_breadcrumbs_separator_color":"","ocean_breadcrumbs_links_color":"","ocean_breadcrumbs_links_hover_color":"","ocean_display_footer_widgets":"default","ocean_display_footer_bottom":"default","ocean_custom_footer_template":"","footnotes":""},"class_list":["post-2228","page","type-page","status-publish","hentry","entry"],"yoast_head":"<!-- This site is optimized with the Yoast SEO plugin v26.7 - https:\/\/yoast.com\/wordpress\/plugins\/seo\/ -->\n<title>CosMedik Medico Esthetique Laser Int\u00e9rieur<\/title>\n<meta name=\"description\" content=\"CosMedik Medico Esthetique Laser Int\u00e9rieur. Un int\u00e9rieur confortable qui refl\u00e8te notre souci du d\u00e9tail et notre engagement \u00e0 fournir le service \u00e0 la client\u00e8le exceptionnel sign\u00e9 CosMedik.\" \/>\n<meta name=\"robots\" content=\"index, follow, max-snippet:-1, max-image-preview:large, max-video-preview:-1\" \/>\n<link rel=\"canonical\" href=\"https:\/\/cosmedik.ca\/inside-cosmedik\/\" \/>\n<meta property=\"og:locale\" content=\"fr_FR\" \/>\n<meta property=\"og:type\" content=\"article\" \/>\n<meta property=\"og:title\" content=\"CosMedik Medico Esthetique Laser Int\u00e9rieur\" \/>\n<meta property=\"og:description\" content=\"CosMedik Medico Esthetique Laser Int\u00e9rieur. Un int\u00e9rieur confortable qui refl\u00e8te notre souci du d\u00e9tail et notre engagement \u00e0 fournir le service \u00e0 la client\u00e8le exceptionnel sign\u00e9 CosMedik.\" \/>\n<meta property=\"og:url\" content=\"https:\/\/cosmedik.ca\/inside-cosmedik\/\" \/>\n<meta property=\"og:site_name\" content=\"CosMedik\" \/>\n<meta property=\"article:publisher\" content=\"https:\/\/www.facebook.com\/CosMedik-1365148456924645\/?modal=admin_todo_tour\" \/>\n<meta property=\"article:modified_time\" content=\"2022-11-18T19:37:00+00:00\" \/>\n<meta property=\"og:image\" content=\"https:\/\/cosmedik.ca\/wp-content\/uploads\/2018\/04\/DSC_0036-e1523641552902-200x300.jpg\" \/>\n<meta name=\"twitter:card\" content=\"summary_large_image\" \/>\n<script type=\"application\/ld+json\" class=\"yoast-schema-graph\">{\"@context\":\"https:\/\/schema.org\",\"@graph\":[{\"@type\":\"WebPage\",\"@id\":\"https:\/\/cosmedik.ca\/inside-cosmedik\/\",\"url\":\"https:\/\/cosmedik.ca\/inside-cosmedik\/\",\"name\":\"CosMedik Medico Esthetique Laser Int\u00e9rieur\",\"isPartOf\":{\"@id\":\"https:\/\/cosmedik.ca\/#website\"},\"primaryImageOfPage\":{\"@id\":\"https:\/\/cosmedik.ca\/inside-cosmedik\/#primaryimage\"},\"image\":{\"@id\":\"https:\/\/cosmedik.ca\/inside-cosmedik\/#primaryimage\"},\"thumbnailUrl\":\"https:\/\/cosmedik.ca\/wp-content\/uploads\/2018\/04\/DSC_0036-e1523641552902-200x300.jpg\",\"datePublished\":\"2018-08-17T15:37:59+00:00\",\"dateModified\":\"2022-11-18T19:37:00+00:00\",\"description\":\"CosMedik Medico Esthetique Laser Int\u00e9rieur. Un int\u00e9rieur confortable qui refl\u00e8te notre souci du d\u00e9tail et notre engagement \u00e0 fournir le service \u00e0 la client\u00e8le exceptionnel sign\u00e9 CosMedik.\",\"breadcrumb\":{\"@id\":\"https:\/\/cosmedik.ca\/inside-cosmedik\/#breadcrumb\"},\"inLanguage\":\"fr-FR\",\"potentialAction\":[{\"@type\":\"ReadAction\",\"target\":[\"https:\/\/cosmedik.ca\/inside-cosmedik\/\"]}]},{\"@type\":\"ImageObject\",\"inLanguage\":\"fr-FR\",\"@id\":\"https:\/\/cosmedik.ca\/inside-cosmedik\/#primaryimage\",\"url\":\"https:\/\/cosmedik.ca\/wp-content\/uploads\/2018\/04\/DSC_0036-e1523641552902-200x300.jpg\",\"contentUrl\":\"https:\/\/cosmedik.ca\/wp-content\/uploads\/2018\/04\/DSC_0036-e1523641552902-200x300.jpg\"},{\"@type\":\"BreadcrumbList\",\"@id\":\"https:\/\/cosmedik.ca\/inside-cosmedik\/#breadcrumb\",\"itemListElement\":[{\"@type\":\"ListItem\",\"position\":1,\"name\":\"Home\",\"item\":\"https:\/\/cosmedik.ca\/accueil\/\"},{\"@type\":\"ListItem\",\"position\":2,\"name\":\"CosMedik Int\u00e9rieur\"}]},{\"@type\":\"WebSite\",\"@id\":\"https:\/\/cosmedik.ca\/#website\",\"url\":\"https:\/\/cosmedik.ca\/\",\"name\":\"CosMedik\",\"description\":\"MEDICO ESTHETIQUE LASER\",\"publisher\":{\"@id\":\"https:\/\/cosmedik.ca\/#organization\"},\"potentialAction\":[{\"@type\":\"SearchAction\",\"target\":{\"@type\":\"EntryPoint\",\"urlTemplate\":\"https:\/\/cosmedik.ca\/?s={search_term_string}\"},\"query-input\":{\"@type\":\"PropertyValueSpecification\",\"valueRequired\":true,\"valueName\":\"search_term_string\"}}],\"inLanguage\":\"fr-FR\"},{\"@type\":\"Organization\",\"@id\":\"https:\/\/cosmedik.ca\/#organization\",\"name\":\"CosMedik\",\"url\":\"https:\/\/cosmedik.ca\/\",\"logo\":{\"@type\":\"ImageObject\",\"inLanguage\":\"fr-FR\",\"@id\":\"https:\/\/cosmedik.ca\/#\/schema\/logo\/image\/\",\"url\":\"https:\/\/cosmedik.ca\/wp-content\/uploads\/2018\/03\/cropped-Cosmedik-White-BG-1.png\",\"contentUrl\":\"https:\/\/cosmedik.ca\/wp-content\/uploads\/2018\/03\/cropped-Cosmedik-White-BG-1.png\",\"width\":2229,\"height\":887,\"caption\":\"CosMedik\"},\"image\":{\"@id\":\"https:\/\/cosmedik.ca\/#\/schema\/logo\/image\/\"},\"sameAs\":[\"https:\/\/www.facebook.com\/CosMedik-1365148456924645\/?modal=admin_todo_tour\"]}]}<\/script>\n<!-- \/ Yoast SEO plugin. -->","yoast_head_json":{"title":"CosMedik Medico Esthetique Laser Int\u00e9rieur","description":"CosMedik Medico Esthetique Laser Int\u00e9rieur. Un int\u00e9rieur confortable qui refl\u00e8te notre souci du d\u00e9tail et notre engagement \u00e0 fournir le service \u00e0 la client\u00e8le exceptionnel sign\u00e9 CosMedik.","robots":{"index":"index","follow":"follow","max-snippet":"max-snippet:-1","max-image-preview":"max-image-preview:large","max-video-preview":"max-video-preview:-1"},"canonical":"https:\/\/cosmedik.ca\/inside-cosmedik\/","og_locale":"fr_FR","og_type":"article","og_title":"CosMedik Medico Esthetique Laser Int\u00e9rieur","og_description":"CosMedik Medico Esthetique Laser Int\u00e9rieur. Un int\u00e9rieur confortable qui refl\u00e8te notre souci du d\u00e9tail et notre engagement \u00e0 fournir le service \u00e0 la client\u00e8le exceptionnel sign\u00e9 CosMedik.","og_url":"https:\/\/cosmedik.ca\/inside-cosmedik\/","og_site_name":"CosMedik","article_publisher":"https:\/\/www.facebook.com\/CosMedik-1365148456924645\/?modal=admin_todo_tour","article_modified_time":"2022-11-18T19:37:00+00:00","og_image":[{"url":"https:\/\/cosmedik.ca\/wp-content\/uploads\/2018\/04\/DSC_0036-e1523641552902-200x300.jpg","type":"","width":"","height":""}],"twitter_card":"summary_large_image","schema":{"@context":"https:\/\/schema.org","@graph":[{"@type":"WebPage","@id":"https:\/\/cosmedik.ca\/inside-cosmedik\/","url":"https:\/\/cosmedik.ca\/inside-cosmedik\/","name":"CosMedik Medico Esthetique Laser Int\u00e9rieur","isPartOf":{"@id":"https:\/\/cosmedik.ca\/#website"},"primaryImageOfPage":{"@id":"https:\/\/cosmedik.ca\/inside-cosmedik\/#primaryimage"},"image":{"@id":"https:\/\/cosmedik.ca\/inside-cosmedik\/#primaryimage"},"thumbnailUrl":"https:\/\/cosmedik.ca\/wp-content\/uploads\/2018\/04\/DSC_0036-e1523641552902-200x300.jpg","datePublished":"2018-08-17T15:37:59+00:00","dateModified":"2022-11-18T19:37:00+00:00","description":"CosMedik Medico Esthetique Laser Int\u00e9rieur. Un int\u00e9rieur confortable qui refl\u00e8te notre souci du d\u00e9tail et notre engagement \u00e0 fournir le service \u00e0 la client\u00e8le exceptionnel sign\u00e9 CosMedik.","breadcrumb":{"@id":"https:\/\/cosmedik.ca\/inside-cosmedik\/#breadcrumb"},"inLanguage":"fr-FR","potentialAction":[{"@type":"ReadAction","target":["https:\/\/cosmedik.ca\/inside-cosmedik\/"]}]},{"@type":"ImageObject","inLanguage":"fr-FR","@id":"https:\/\/cosmedik.ca\/inside-cosmedik\/#primaryimage","url":"https:\/\/cosmedik.ca\/wp-content\/uploads\/2018\/04\/DSC_0036-e1523641552902-200x300.jpg","contentUrl":"https:\/\/cosmedik.ca\/wp-content\/uploads\/2018\/04\/DSC_0036-e1523641552902-200x300.jpg"},{"@type":"BreadcrumbList","@id":"https:\/\/cosmedik.ca\/inside-cosmedik\/#breadcrumb","itemListElement":[{"@type":"ListItem","position":1,"name":"Home","item":"https:\/\/cosmedik.ca\/accueil\/"},{"@type":"ListItem","position":2,"name":"CosMedik Int\u00e9rieur"}]},{"@type":"WebSite","@id":"https:\/\/cosmedik.ca\/#website","url":"https:\/\/cosmedik.ca\/","name":"CosMedik","description":"MEDICO ESTHETIQUE LASER","publisher":{"@id":"https:\/\/cosmedik.ca\/#organization"},"potentialAction":[{"@type":"SearchAction","target":{"@type":"EntryPoint","urlTemplate":"https:\/\/cosmedik.ca\/?s={search_term_string}"},"query-input":{"@type":"PropertyValueSpecification","valueRequired":true,"valueName":"search_term_string"}}],"inLanguage":"fr-FR"},{"@type":"Organization","@id":"https:\/\/cosmedik.ca\/#organization","name":"CosMedik","url":"https:\/\/cosmedik.ca\/","logo":{"@type":"ImageObject","inLanguage":"fr-FR","@id":"https:\/\/cosmedik.ca\/#\/schema\/logo\/image\/","url":"https:\/\/cosmedik.ca\/wp-content\/uploads\/2018\/03\/cropped-Cosmedik-White-BG-1.png","contentUrl":"https:\/\/cosmedik.ca\/wp-content\/uploads\/2018\/03\/cropped-Cosmedik-White-BG-1.png","width":2229,"height":887,"caption":"CosMedik"},"image":{"@id":"https:\/\/cosmedik.ca\/#\/schema\/logo\/image\/"},"sameAs":["https:\/\/www.facebook.com\/CosMedik-1365148456924645\/?modal=admin_todo_tour"]}]}},"_links":{"self":[{"href":"https:\/\/cosmedik.ca\/fr\/wp-json\/wp\/v2\/pages\/2228","targetHints":{"allow":["GET"]}}],"collection":[{"href":"https:\/\/cosmedik.ca\/fr\/wp-json\/wp\/v2\/pages"}],"about":[{"href":"https:\/\/cosmedik.ca\/fr\/wp-json\/wp\/v2\/types\/page"}],"author":[{"embeddable":true,"href":"https:\/\/cosmedik.ca\/fr\/wp-json\/wp\/v2\/users\/1"}],"replies":[{"embeddable":true,"href":"https:\/\/cosmedik.ca\/fr\/wp-json\/wp\/v2\/comments?post=2228"}],"version-history":[{"count":8,"href":"https:\/\/cosmedik.ca\/fr\/wp-json\/wp\/v2\/pages\/2228\/revisions"}],"predecessor-version":[{"id":3118,"href":"https:\/\/cosmedik.ca\/fr\/wp-json\/wp\/v2\/pages\/2228\/revisions\/3118"}],"wp:attachment":[{"href":"https:\/\/cosmedik.ca\/fr\/wp-json\/wp\/v2\/media?parent=2228"}],"curies":[{"name":"wp","href":"https:\/\/api.w.org\/{rel}","templated":true}]}}